{"id":27,"date":"2015-07-03T07:21:06","date_gmt":"2015-07-03T07:21:06","guid":{"rendered":"http:\/\/scgallery.es\/administracion\/?page_id=27"},"modified":"2020-10-02T09:41:32","modified_gmt":"2020-10-02T09:41:32","slug":"public-art","status":"publish","type":"page","link":"https:\/\/www.scgallery.es\/en\/public-art\/","title":{"rendered":"Public art"},"content":{"rendered":"","protected":false},"excerpt":{"rendered":"","protected":false},"author":1,"featured_media":90,"parent":0,"menu_order":0,"comment_status":"open","ping_status":"open","template":"pagina-proyectos.php","meta":{"footnotes":""},"class_list":{"0":"post-27","1":"page","2":"type-page","3":"status-publish","4":"has-post-thumbnail","6":"entry"},"yoast_head":"<!-- This site is optimized with the Yoast SEO plugin v27.4 - https:\/\/yoast.com\/product\/yoast-seo-wordpress\/ -->\n<title>Murales del arte p\u00fablico en Bilbao la Vieja - SC Gallery<\/title>\n<meta name=\"description\" content=\"Descubre los murales m\u00e1s destacados del arte p\u00fablico en Bilbao la Vieja. SC Gallery promueve proyectos de arte p\u00fablico para el dominio publico.\" \/>\n<meta name=\"robots\" content=\"index, follow, max-snippet:-1, max-image-preview:large, max-video-preview:-1\" \/>\n<link rel=\"canonical\" href=\"https:\/\/www.scgallery.es\/public-art\/\" \/>\n<meta property=\"og:locale\" content=\"en_US\" \/>\n<meta property=\"og:type\" content=\"article\" \/>\n<meta property=\"og:title\" content=\"Murales del arte p\u00fablico en Bilbao la Vieja - SC Gallery\" \/>\n<meta property=\"og:description\" content=\"Descubre los murales m\u00e1s destacados del arte p\u00fablico en Bilbao la Vieja. SC Gallery promueve proyectos de arte p\u00fablico para el dominio publico.\" \/>\n<meta property=\"og:url\" content=\"https:\/\/www.scgallery.es\/public-art\/\" \/>\n<meta property=\"og:site_name\" content=\"SC Gallery\" \/>\n<meta property=\"article:modified_time\" content=\"2020-10-02T09:41:32+00:00\" \/>\n<meta property=\"og:image\" content=\"https:\/\/www.scgallery.es\/wp-content\/uploads\/2015\/07\/S.C.Gallery_.22.jpg\" \/>\n\t<meta property=\"og:image:width\" content=\"1200\" \/>\n\t<meta property=\"og:image:height\" content=\"697\" \/>\n\t<meta property=\"og:image:type\" content=\"image\/jpeg\" \/>\n<meta name=\"twitter:card\" content=\"summary_large_image\" \/>\n<script type=\"application\/ld+json\" class=\"yoast-schema-graph\">{\"@context\":\"https:\\\/\\\/schema.org\",\"@graph\":[{\"@type\":\"WebPage\",\"@id\":\"https:\\\/\\\/www.scgallery.es\\\/public-art\\\/\",\"url\":\"https:\\\/\\\/www.scgallery.es\\\/public-art\\\/\",\"name\":\"Murales del arte p\u00fablico en Bilbao la Vieja - SC Gallery\",\"isPartOf\":{\"@id\":\"https:\\\/\\\/www.scgallery.es\\\/#website\"},\"primaryImageOfPage\":{\"@id\":\"https:\\\/\\\/www.scgallery.es\\\/public-art\\\/#primaryimage\"},\"image\":{\"@id\":\"https:\\\/\\\/www.scgallery.es\\\/public-art\\\/#primaryimage\"},\"thumbnailUrl\":\"https:\\\/\\\/www.scgallery.es\\\/wp-content\\\/uploads\\\/2015\\\/07\\\/S.C.Gallery_.22.jpg\",\"datePublished\":\"2015-07-03T07:21:06+00:00\",\"dateModified\":\"2020-10-02T09:41:32+00:00\",\"description\":\"Descubre los murales m\u00e1s destacados del arte p\u00fablico en Bilbao la Vieja. SC Gallery promueve proyectos de arte p\u00fablico para el dominio publico.\",\"breadcrumb\":{\"@id\":\"https:\\\/\\\/www.scgallery.es\\\/public-art\\\/#breadcrumb\"},\"inLanguage\":\"en-US\",\"potentialAction\":[{\"@type\":\"ReadAction\",\"target\":[\"https:\\\/\\\/www.scgallery.es\\\/public-art\\\/\"]}]},{\"@type\":\"ImageObject\",\"inLanguage\":\"en-US\",\"@id\":\"https:\\\/\\\/www.scgallery.es\\\/public-art\\\/#primaryimage\",\"url\":\"https:\\\/\\\/www.scgallery.es\\\/wp-content\\\/uploads\\\/2015\\\/07\\\/S.C.Gallery_.22.jpg\",\"contentUrl\":\"https:\\\/\\\/www.scgallery.es\\\/wp-content\\\/uploads\\\/2015\\\/07\\\/S.C.Gallery_.22.jpg\",\"width\":1200,\"height\":697},{\"@type\":\"BreadcrumbList\",\"@id\":\"https:\\\/\\\/www.scgallery.es\\\/public-art\\\/#breadcrumb\",\"itemListElement\":[{\"@type\":\"ListItem\",\"position\":1,\"name\":\"Portada\",\"item\":\"https:\\\/\\\/www.scgallery.es\\\/\"},{\"@type\":\"ListItem\",\"position\":2,\"name\":\"Arte publico\"}]},{\"@type\":\"WebSite\",\"@id\":\"https:\\\/\\\/www.scgallery.es\\\/#website\",\"url\":\"https:\\\/\\\/www.scgallery.es\\\/\",\"name\":\"SC Gallery\",\"description\":\"Gallery + Art Management\",\"potentialAction\":[{\"@type\":\"SearchAction\",\"target\":{\"@type\":\"EntryPoint\",\"urlTemplate\":\"https:\\\/\\\/www.scgallery.es\\\/?s={search_term_string}\"},\"query-input\":{\"@type\":\"PropertyValueSpecification\",\"valueRequired\":true,\"valueName\":\"search_term_string\"}}],\"inLanguage\":\"en-US\"}]}<\/script>\n<!-- \/ Yoast SEO plugin. -->","yoast_head_json":{"title":"Murales del arte p\u00fablico en Bilbao la Vieja - SC Gallery","description":"Descubre los murales m\u00e1s destacados del arte p\u00fablico en Bilbao la Vieja. SC Gallery promueve proyectos de arte p\u00fablico para el dominio publico.","robots":{"index":"index","follow":"follow","max-snippet":"max-snippet:-1","max-image-preview":"max-image-preview:large","max-video-preview":"max-video-preview:-1"},"canonical":"https:\/\/www.scgallery.es\/public-art\/","og_locale":"en_US","og_type":"article","og_title":"Murales del arte p\u00fablico en Bilbao la Vieja - SC Gallery","og_description":"Descubre los murales m\u00e1s destacados del arte p\u00fablico en Bilbao la Vieja. SC Gallery promueve proyectos de arte p\u00fablico para el dominio publico.","og_url":"https:\/\/www.scgallery.es\/public-art\/","og_site_name":"SC Gallery","article_modified_time":"2020-10-02T09:41:32+00:00","og_image":[{"width":1200,"height":697,"url":"https:\/\/www.scgallery.es\/wp-content\/uploads\/2015\/07\/S.C.Gallery_.22.jpg","type":"image\/jpeg"}],"twitter_card":"summary_large_image","schema":{"@context":"https:\/\/schema.org","@graph":[{"@type":"WebPage","@id":"https:\/\/www.scgallery.es\/public-art\/","url":"https:\/\/www.scgallery.es\/public-art\/","name":"Murales del arte p\u00fablico en Bilbao la Vieja - SC Gallery","isPartOf":{"@id":"https:\/\/www.scgallery.es\/#website"},"primaryImageOfPage":{"@id":"https:\/\/www.scgallery.es\/public-art\/#primaryimage"},"image":{"@id":"https:\/\/www.scgallery.es\/public-art\/#primaryimage"},"thumbnailUrl":"https:\/\/www.scgallery.es\/wp-content\/uploads\/2015\/07\/S.C.Gallery_.22.jpg","datePublished":"2015-07-03T07:21:06+00:00","dateModified":"2020-10-02T09:41:32+00:00","description":"Descubre los murales m\u00e1s destacados del arte p\u00fablico en Bilbao la Vieja. SC Gallery promueve proyectos de arte p\u00fablico para el dominio publico.","breadcrumb":{"@id":"https:\/\/www.scgallery.es\/public-art\/#breadcrumb"},"inLanguage":"en-US","potentialAction":[{"@type":"ReadAction","target":["https:\/\/www.scgallery.es\/public-art\/"]}]},{"@type":"ImageObject","inLanguage":"en-US","@id":"https:\/\/www.scgallery.es\/public-art\/#primaryimage","url":"https:\/\/www.scgallery.es\/wp-content\/uploads\/2015\/07\/S.C.Gallery_.22.jpg","contentUrl":"https:\/\/www.scgallery.es\/wp-content\/uploads\/2015\/07\/S.C.Gallery_.22.jpg","width":1200,"height":697},{"@type":"BreadcrumbList","@id":"https:\/\/www.scgallery.es\/public-art\/#breadcrumb","itemListElement":[{"@type":"ListItem","position":1,"name":"Portada","item":"https:\/\/www.scgallery.es\/"},{"@type":"ListItem","position":2,"name":"Arte publico"}]},{"@type":"WebSite","@id":"https:\/\/www.scgallery.es\/#website","url":"https:\/\/www.scgallery.es\/","name":"SC Gallery","description":"Gallery + Art Management","potentialAction":[{"@type":"SearchAction","target":{"@type":"EntryPoint","urlTemplate":"https:\/\/www.scgallery.es\/?s={search_term_string}"},"query-input":{"@type":"PropertyValueSpecification","valueRequired":true,"valueName":"search_term_string"}}],"inLanguage":"en-US"}]}},"_links":{"self":[{"href":"https:\/\/www.scgallery.es\/en\/wp-json\/wp\/v2\/pages\/27","targetHints":{"allow":["GET"]}}],"collection":[{"href":"https:\/\/www.scgallery.es\/en\/wp-json\/wp\/v2\/pages"}],"about":[{"href":"https:\/\/www.scgallery.es\/en\/wp-json\/wp\/v2\/types\/page"}],"author":[{"embeddable":true,"href":"https:\/\/www.scgallery.es\/en\/wp-json\/wp\/v2\/users\/1"}],"replies":[{"embeddable":true,"href":"https:\/\/www.scgallery.es\/en\/wp-json\/wp\/v2\/comments?post=27"}],"version-history":[{"count":0,"href":"https:\/\/www.scgallery.es\/en\/wp-json\/wp\/v2\/pages\/27\/revisions"}],"wp:featuredmedia":[{"embeddable":true,"href":"https:\/\/www.scgallery.es\/en\/wp-json\/wp\/v2\/media\/90"}],"wp:attachment":[{"href":"https:\/\/www.scgallery.es\/en\/wp-json\/wp\/v2\/media?parent=27"}],"curies":[{"name":"wp","href":"https:\/\/api.w.org\/{rel}","templated":true}]}}