{"id":35,"date":"2015-07-03T07:21:52","date_gmt":"2015-07-03T07:21:52","guid":{"rendered":"http:\/\/scgallery.es\/administracion\/?page_id=35"},"modified":"2025-03-09T19:13:49","modified_gmt":"2025-03-09T19:13:49","slug":"galeria-sc-gallery-galeria-bilbao-contemporary-art-spacio-cortes-arte-bilbao","status":"publish","type":"page","link":"https:\/\/www.scgallery.es\/en\/galeria-sc-gallery-galeria-bilbao-contemporary-art-spacio-cortes-arte-bilbao\/","title":{"rendered":"Gallery"},"content":{"rendered":"<p><br \/>\n<strong>SC Gallery<\/strong> (Spacio Cortes), based in Bilbao since 2008, is an active platform for the production, exhibition, and development of contemporary art. Committed to interdisciplinary dialogue, it organizes exhibitions, collaborations, and projects that connect artistic creation with critical analysis and cultural exchange. The gallery regularly participates in international art fairs and offers a dynamic program that encompasses diverse approaches and aesthetics. Its mission is to support artistic production, critical thinking, and the circulation of contemporary ideas.<\/p>\n<p>In addition to its exhibition activity\u2014averaging 5 to 6 shows per year\u2014SC Gallery promotes <strong>SC Projects<\/strong>, a line dedicated to the management and production of artistic projects in both public and private contexts. SC Projects supports public art interventions in accessible spaces with social content, such as <i>DEAMBULAR<\/i> by Eltono and <i>PIR\u00c1MIDE<\/i> by SpY at the Artium Museum (Vitoria-Gasteiz).<br \/>\n<\/p>","protected":false},"excerpt":{"rendered":"<p>SC Gallery (Spacio Cortes), based in Bilbao since 2008, is an active platform for the production, exhibition, and development of contemporary art. Committed to interdisciplinary dialogue, it organizes exhibitions, collaborations, and projects that connect artistic creation with critical analysis and cultural exchange. The gallery regularly participates in international art fairs and offers a dynamic program [&hellip;]<\/p>\n","protected":false},"author":1,"featured_media":2403,"parent":0,"menu_order":0,"comment_status":"open","ping_status":"open","template":"","meta":{"footnotes":""},"class_list":{"0":"post-35","1":"page","2":"type-page","3":"status-publish","4":"has-post-thumbnail","6":"entry"},"yoast_head":"<!-- This site is optimized with the Yoast SEO plugin v27.4 - https:\/\/yoast.com\/product\/yoast-seo-wordpress\/ -->\n<title>Gallery - SC Gallery<\/title>\n<meta name=\"description\" content=\"La Galer\u00eda SC se define como un espacio expositivo de Arte Contempor\u00e1neo y representaci\u00f3n de artistas contempor\u00e1neos.\u201cEs necesario generar nuevos espacios de entendimiento, y ver la galer\u00eda como un espacio para la cr\u00edtica y el pensamiento m\u00e1s all\u00e1 de la visi\u00f3n acelerada y los likes de las redes.\u201dFundada por Sergio Garc\u00eda Bay\u00f3n en 2008 en Bilbao, la galer\u00eda SC Gallery se ha centrado desde sus inicios en la promoci\u00f3n del arte contempor\u00e1neo. SC Gallery promueve proyectos de arte p\u00fablico, entendiendo \u00e9ste como un conjunto de intervenciones art\u00edsticas que se desarrollan en localizaciones espec\u00edficas, para el dominio publico, en espacio exteriones de marcado contenido social y accesibles para todos.As\u00ed cabe destacar como SC Gallery promueve y gestiona, proyectos como, DEAMBULAR del artista Eltono y PIR\u00c1MIDE de \u201cSpY\u201d en el Museo Vasco de Arte Contempor\u00e1neo Artium (Vitoria-Gasteiz), la serie de intervenciones murales de las ediciones del Festival bilba\u00edno BLV-ART desde el 2009 hasta la actualidad y otros iniciativas de arte p\u00fablico como \u201cArteko Container\u201d.\" \/>\n<meta name=\"robots\" content=\"index, follow, max-snippet:-1, max-image-preview:large, max-video-preview:-1\" \/>\n<link rel=\"canonical\" href=\"https:\/\/www.scgallery.es\/galeria-sc-gallery-galeria-bilbao-contemporary-art-spacio-cortes-arte-bilbao\/\" \/>\n<meta property=\"og:locale\" content=\"en_US\" \/>\n<meta property=\"og:type\" content=\"article\" \/>\n<meta property=\"og:title\" content=\"[:es]Galer\u00eda[:en]Gallery[:] - SC Gallery\" \/>\n<meta property=\"og:description\" content=\"La Galer\u00eda SC se define como un espacio expositivo de Arte Contempor\u00e1neo y representaci\u00f3n de artistas contempor\u00e1neos.\u201cEs necesario generar nuevos espacios de entendimiento, y ver la galer\u00eda como un espacio para la cr\u00edtica y el pensamiento m\u00e1s all\u00e1 de la visi\u00f3n acelerada y los likes de las redes.\u201dFundada por Sergio Garc\u00eda Bay\u00f3n en 2008 en Bilbao, la galer\u00eda SC Gallery se ha centrado desde sus inicios en la promoci\u00f3n del arte contempor\u00e1neo. SC Gallery promueve proyectos de arte p\u00fablico, entendiendo \u00e9ste como un conjunto de intervenciones art\u00edsticas que se desarrollan en localizaciones espec\u00edficas, para el dominio publico, en espacio exteriones de marcado contenido social y accesibles para todos.As\u00ed cabe destacar como SC Gallery promueve y gestiona, proyectos como, DEAMBULAR del artista Eltono y PIR\u00c1MIDE de \u201cSpY\u201d en el Museo Vasco de Arte Contempor\u00e1neo Artium (Vitoria-Gasteiz), la serie de intervenciones murales de las ediciones del Festival bilba\u00edno BLV-ART desde el 2009 hasta la actualidad y otros iniciativas de arte p\u00fablico como \u201cArteko Container\u201d.\" \/>\n<meta property=\"og:url\" content=\"https:\/\/www.scgallery.es\/galeria-sc-gallery-galeria-bilbao-contemporary-art-spacio-cortes-arte-bilbao\/\" \/>\n<meta property=\"og:site_name\" content=\"SC Gallery\" \/>\n<meta property=\"article:modified_time\" content=\"2025-03-09T19:13:49+00:00\" \/>\n<meta property=\"og:image\" content=\"https:\/\/www.scgallery.es\/wp-content\/uploads\/2024\/12\/KIKO-MIYARES_-SC-GALLERY-Artista-w.jpg\" \/>\n\t<meta property=\"og:image:width\" content=\"920\" \/>\n\t<meta property=\"og:image:height\" content=\"626\" \/>\n\t<meta property=\"og:image:type\" content=\"image\/jpeg\" \/>\n<meta name=\"twitter:card\" content=\"summary_large_image\" \/>\n<meta name=\"twitter:label1\" content=\"Est. reading time\" \/>\n\t<meta name=\"twitter:data1\" content=\"3 minutes\" \/>\n<script type=\"application\/ld+json\" class=\"yoast-schema-graph\">{\"@context\":\"https:\\\/\\\/schema.org\",\"@graph\":[{\"@type\":\"WebPage\",\"@id\":\"https:\\\/\\\/www.scgallery.es\\\/galeria-sc-gallery-galeria-bilbao-contemporary-art-spacio-cortes-arte-bilbao\\\/\",\"url\":\"https:\\\/\\\/www.scgallery.es\\\/galeria-sc-gallery-galeria-bilbao-contemporary-art-spacio-cortes-arte-bilbao\\\/\",\"name\":\"[:es]Galer\u00eda[:en]Gallery[:] - SC Gallery\",\"isPartOf\":{\"@id\":\"https:\\\/\\\/www.scgallery.es\\\/#website\"},\"primaryImageOfPage\":{\"@id\":\"https:\\\/\\\/www.scgallery.es\\\/galeria-sc-gallery-galeria-bilbao-contemporary-art-spacio-cortes-arte-bilbao\\\/#primaryimage\"},\"image\":{\"@id\":\"https:\\\/\\\/www.scgallery.es\\\/galeria-sc-gallery-galeria-bilbao-contemporary-art-spacio-cortes-arte-bilbao\\\/#primaryimage\"},\"thumbnailUrl\":\"https:\\\/\\\/www.scgallery.es\\\/wp-content\\\/uploads\\\/2024\\\/12\\\/KIKO-MIYARES_-SC-GALLERY-Artista-w.jpg\",\"datePublished\":\"2015-07-03T07:21:52+00:00\",\"dateModified\":\"2025-03-09T19:13:49+00:00\",\"description\":\"La Galer\u00eda SC se define como un espacio expositivo de Arte Contempor\u00e1neo y representaci\u00f3n de artistas contempor\u00e1neos.\u201cEs necesario generar nuevos espacios de entendimiento, y ver la galer\u00eda como un espacio para la cr\u00edtica y el pensamiento m\u00e1s all\u00e1 de la visi\u00f3n acelerada y los likes de las redes.\u201dFundada por Sergio Garc\u00eda Bay\u00f3n en 2008 en Bilbao, la galer\u00eda SC Gallery se ha centrado desde sus inicios en la promoci\u00f3n del arte contempor\u00e1neo. SC Gallery promueve proyectos de arte p\u00fablico, entendiendo \u00e9ste como un conjunto de intervenciones art\u00edsticas que se desarrollan en localizaciones espec\u00edficas, para el dominio publico, en espacio exteriones de marcado contenido social y accesibles para todos.As\u00ed cabe destacar como SC Gallery promueve y gestiona, proyectos como, DEAMBULAR del artista Eltono y PIR\u00c1MIDE de \u201cSpY\u201d en el Museo Vasco de Arte Contempor\u00e1neo Artium (Vitoria-Gasteiz), la serie de intervenciones murales de las ediciones del Festival bilba\u00edno BLV-ART desde el 2009 hasta la actualidad y otros iniciativas de arte p\u00fablico como \u201cArteko Container\u201d.\",\"breadcrumb\":{\"@id\":\"https:\\\/\\\/www.scgallery.es\\\/galeria-sc-gallery-galeria-bilbao-contemporary-art-spacio-cortes-arte-bilbao\\\/#breadcrumb\"},\"inLanguage\":\"en-US\",\"potentialAction\":[{\"@type\":\"ReadAction\",\"target\":[\"https:\\\/\\\/www.scgallery.es\\\/galeria-sc-gallery-galeria-bilbao-contemporary-art-spacio-cortes-arte-bilbao\\\/\"]}]},{\"@type\":\"ImageObject\",\"inLanguage\":\"en-US\",\"@id\":\"https:\\\/\\\/www.scgallery.es\\\/galeria-sc-gallery-galeria-bilbao-contemporary-art-spacio-cortes-arte-bilbao\\\/#primaryimage\",\"url\":\"https:\\\/\\\/www.scgallery.es\\\/wp-content\\\/uploads\\\/2024\\\/12\\\/KIKO-MIYARES_-SC-GALLERY-Artista-w.jpg\",\"contentUrl\":\"https:\\\/\\\/www.scgallery.es\\\/wp-content\\\/uploads\\\/2024\\\/12\\\/KIKO-MIYARES_-SC-GALLERY-Artista-w.jpg\",\"width\":920,\"height\":626},{\"@type\":\"BreadcrumbList\",\"@id\":\"https:\\\/\\\/www.scgallery.es\\\/galeria-sc-gallery-galeria-bilbao-contemporary-art-spacio-cortes-arte-bilbao\\\/#breadcrumb\",\"itemListElement\":[{\"@type\":\"ListItem\",\"position\":1,\"name\":\"Portada\",\"item\":\"https:\\\/\\\/www.scgallery.es\\\/\"},{\"@type\":\"ListItem\",\"position\":2,\"name\":\"Galer\u00eda\"}]},{\"@type\":\"WebSite\",\"@id\":\"https:\\\/\\\/www.scgallery.es\\\/#website\",\"url\":\"https:\\\/\\\/www.scgallery.es\\\/\",\"name\":\"SC Gallery\",\"description\":\"Gallery + Art Management\",\"potentialAction\":[{\"@type\":\"SearchAction\",\"target\":{\"@type\":\"EntryPoint\",\"urlTemplate\":\"https:\\\/\\\/www.scgallery.es\\\/?s={search_term_string}\"},\"query-input\":{\"@type\":\"PropertyValueSpecification\",\"valueRequired\":true,\"valueName\":\"search_term_string\"}}],\"inLanguage\":\"en-US\"}]}<\/script>\n<!-- \/ Yoast SEO plugin. -->","yoast_head_json":{"title":"[:es]Galer\u00eda[:en]Gallery[:] - SC Gallery","description":"La Galer\u00eda SC se define como un espacio expositivo de Arte Contempor\u00e1neo y representaci\u00f3n de artistas contempor\u00e1neos.\u201cEs necesario generar nuevos espacios de entendimiento, y ver la galer\u00eda como un espacio para la cr\u00edtica y el pensamiento m\u00e1s all\u00e1 de la visi\u00f3n acelerada y los likes de las redes.\u201dFundada por Sergio Garc\u00eda Bay\u00f3n en 2008 en Bilbao, la galer\u00eda SC Gallery se ha centrado desde sus inicios en la promoci\u00f3n del arte contempor\u00e1neo. SC Gallery promueve proyectos de arte p\u00fablico, entendiendo \u00e9ste como un conjunto de intervenciones art\u00edsticas que se desarrollan en localizaciones espec\u00edficas, para el dominio publico, en espacio exteriones de marcado contenido social y accesibles para todos.As\u00ed cabe destacar como SC Gallery promueve y gestiona, proyectos como, DEAMBULAR del artista Eltono y PIR\u00c1MIDE de \u201cSpY\u201d en el Museo Vasco de Arte Contempor\u00e1neo Artium (Vitoria-Gasteiz), la serie de intervenciones murales de las ediciones del Festival bilba\u00edno BLV-ART desde el 2009 hasta la actualidad y otros iniciativas de arte p\u00fablico como \u201cArteko Container\u201d.","robots":{"index":"index","follow":"follow","max-snippet":"max-snippet:-1","max-image-preview":"max-image-preview:large","max-video-preview":"max-video-preview:-1"},"canonical":"https:\/\/www.scgallery.es\/galeria-sc-gallery-galeria-bilbao-contemporary-art-spacio-cortes-arte-bilbao\/","og_locale":"en_US","og_type":"article","og_title":"[:es]Galer\u00eda[:en]Gallery[:] - SC Gallery","og_description":"La Galer\u00eda SC se define como un espacio expositivo de Arte Contempor\u00e1neo y representaci\u00f3n de artistas contempor\u00e1neos.\u201cEs necesario generar nuevos espacios de entendimiento, y ver la galer\u00eda como un espacio para la cr\u00edtica y el pensamiento m\u00e1s all\u00e1 de la visi\u00f3n acelerada y los likes de las redes.\u201dFundada por Sergio Garc\u00eda Bay\u00f3n en 2008 en Bilbao, la galer\u00eda SC Gallery se ha centrado desde sus inicios en la promoci\u00f3n del arte contempor\u00e1neo. SC Gallery promueve proyectos de arte p\u00fablico, entendiendo \u00e9ste como un conjunto de intervenciones art\u00edsticas que se desarrollan en localizaciones espec\u00edficas, para el dominio publico, en espacio exteriones de marcado contenido social y accesibles para todos.As\u00ed cabe destacar como SC Gallery promueve y gestiona, proyectos como, DEAMBULAR del artista Eltono y PIR\u00c1MIDE de \u201cSpY\u201d en el Museo Vasco de Arte Contempor\u00e1neo Artium (Vitoria-Gasteiz), la serie de intervenciones murales de las ediciones del Festival bilba\u00edno BLV-ART desde el 2009 hasta la actualidad y otros iniciativas de arte p\u00fablico como \u201cArteko Container\u201d.","og_url":"https:\/\/www.scgallery.es\/galeria-sc-gallery-galeria-bilbao-contemporary-art-spacio-cortes-arte-bilbao\/","og_site_name":"SC Gallery","article_modified_time":"2025-03-09T19:13:49+00:00","og_image":[{"width":920,"height":626,"url":"https:\/\/www.scgallery.es\/wp-content\/uploads\/2024\/12\/KIKO-MIYARES_-SC-GALLERY-Artista-w.jpg","type":"image\/jpeg"}],"twitter_card":"summary_large_image","twitter_misc":{"Est. reading time":"3 minutes"},"schema":{"@context":"https:\/\/schema.org","@graph":[{"@type":"WebPage","@id":"https:\/\/www.scgallery.es\/galeria-sc-gallery-galeria-bilbao-contemporary-art-spacio-cortes-arte-bilbao\/","url":"https:\/\/www.scgallery.es\/galeria-sc-gallery-galeria-bilbao-contemporary-art-spacio-cortes-arte-bilbao\/","name":"[:es]Galer\u00eda[:en]Gallery[:] - SC Gallery","isPartOf":{"@id":"https:\/\/www.scgallery.es\/#website"},"primaryImageOfPage":{"@id":"https:\/\/www.scgallery.es\/galeria-sc-gallery-galeria-bilbao-contemporary-art-spacio-cortes-arte-bilbao\/#primaryimage"},"image":{"@id":"https:\/\/www.scgallery.es\/galeria-sc-gallery-galeria-bilbao-contemporary-art-spacio-cortes-arte-bilbao\/#primaryimage"},"thumbnailUrl":"https:\/\/www.scgallery.es\/wp-content\/uploads\/2024\/12\/KIKO-MIYARES_-SC-GALLERY-Artista-w.jpg","datePublished":"2015-07-03T07:21:52+00:00","dateModified":"2025-03-09T19:13:49+00:00","description":"La Galer\u00eda SC se define como un espacio expositivo de Arte Contempor\u00e1neo y representaci\u00f3n de artistas contempor\u00e1neos.\u201cEs necesario generar nuevos espacios de entendimiento, y ver la galer\u00eda como un espacio para la cr\u00edtica y el pensamiento m\u00e1s all\u00e1 de la visi\u00f3n acelerada y los likes de las redes.\u201dFundada por Sergio Garc\u00eda Bay\u00f3n en 2008 en Bilbao, la galer\u00eda SC Gallery se ha centrado desde sus inicios en la promoci\u00f3n del arte contempor\u00e1neo. SC Gallery promueve proyectos de arte p\u00fablico, entendiendo \u00e9ste como un conjunto de intervenciones art\u00edsticas que se desarrollan en localizaciones espec\u00edficas, para el dominio publico, en espacio exteriones de marcado contenido social y accesibles para todos.As\u00ed cabe destacar como SC Gallery promueve y gestiona, proyectos como, DEAMBULAR del artista Eltono y PIR\u00c1MIDE de \u201cSpY\u201d en el Museo Vasco de Arte Contempor\u00e1neo Artium (Vitoria-Gasteiz), la serie de intervenciones murales de las ediciones del Festival bilba\u00edno BLV-ART desde el 2009 hasta la actualidad y otros iniciativas de arte p\u00fablico como \u201cArteko Container\u201d.","breadcrumb":{"@id":"https:\/\/www.scgallery.es\/galeria-sc-gallery-galeria-bilbao-contemporary-art-spacio-cortes-arte-bilbao\/#breadcrumb"},"inLanguage":"en-US","potentialAction":[{"@type":"ReadAction","target":["https:\/\/www.scgallery.es\/galeria-sc-gallery-galeria-bilbao-contemporary-art-spacio-cortes-arte-bilbao\/"]}]},{"@type":"ImageObject","inLanguage":"en-US","@id":"https:\/\/www.scgallery.es\/galeria-sc-gallery-galeria-bilbao-contemporary-art-spacio-cortes-arte-bilbao\/#primaryimage","url":"https:\/\/www.scgallery.es\/wp-content\/uploads\/2024\/12\/KIKO-MIYARES_-SC-GALLERY-Artista-w.jpg","contentUrl":"https:\/\/www.scgallery.es\/wp-content\/uploads\/2024\/12\/KIKO-MIYARES_-SC-GALLERY-Artista-w.jpg","width":920,"height":626},{"@type":"BreadcrumbList","@id":"https:\/\/www.scgallery.es\/galeria-sc-gallery-galeria-bilbao-contemporary-art-spacio-cortes-arte-bilbao\/#breadcrumb","itemListElement":[{"@type":"ListItem","position":1,"name":"Portada","item":"https:\/\/www.scgallery.es\/"},{"@type":"ListItem","position":2,"name":"Galer\u00eda"}]},{"@type":"WebSite","@id":"https:\/\/www.scgallery.es\/#website","url":"https:\/\/www.scgallery.es\/","name":"SC Gallery","description":"Gallery + Art Management","potentialAction":[{"@type":"SearchAction","target":{"@type":"EntryPoint","urlTemplate":"https:\/\/www.scgallery.es\/?s={search_term_string}"},"query-input":{"@type":"PropertyValueSpecification","valueRequired":true,"valueName":"search_term_string"}}],"inLanguage":"en-US"}]}},"_links":{"self":[{"href":"https:\/\/www.scgallery.es\/en\/wp-json\/wp\/v2\/pages\/35","targetHints":{"allow":["GET"]}}],"collection":[{"href":"https:\/\/www.scgallery.es\/en\/wp-json\/wp\/v2\/pages"}],"about":[{"href":"https:\/\/www.scgallery.es\/en\/wp-json\/wp\/v2\/types\/page"}],"author":[{"embeddable":true,"href":"https:\/\/www.scgallery.es\/en\/wp-json\/wp\/v2\/users\/1"}],"replies":[{"embeddable":true,"href":"https:\/\/www.scgallery.es\/en\/wp-json\/wp\/v2\/comments?post=35"}],"version-history":[{"count":0,"href":"https:\/\/www.scgallery.es\/en\/wp-json\/wp\/v2\/pages\/35\/revisions"}],"wp:featuredmedia":[{"embeddable":true,"href":"https:\/\/www.scgallery.es\/en\/wp-json\/wp\/v2\/media\/2403"}],"wp:attachment":[{"href":"https:\/\/www.scgallery.es\/en\/wp-json\/wp\/v2\/media?parent=35"}],"curies":[{"name":"wp","href":"https:\/\/api.w.org\/{rel}","templated":true}]}}